{"id":630,"date":"2024-07-16T10:39:18","date_gmt":"2024-07-16T14:39:18","guid":{"rendered":"https:\/\/ceramiccafe.naracreative.com\/a-propos\/"},"modified":"2024-12-18T16:08:15","modified_gmt":"2024-12-18T21:08:15","slug":"about","status":"publish","type":"page","link":"https:\/\/leccs.com\/en\/about\/","title":{"rendered":"About"},"content":{"rendered":"","protected":false},"excerpt":{"rendered":"","protected":false},"author":1,"featured_media":1810,"parent":0,"menu_order":0,"comment_status":"closed","ping_status":"closed","template":"templates\/template-about.php","meta":{"_acf_changed":false,"footnotes":""},"class_list":["post-630","page","type-page","status-publish","has-post-thumbnail","hentry"],"acf":[],"yoast_head":"<!-- This site is optimized with the Yoast SEO plugin v24.0 - https:\/\/yoast.com\/wordpress\/plugins\/seo\/ -->\n<title>C\u00e9ramic Caf\u00e9 - About us<\/title>\n<meta name=\"description\" content=\"Learn about C\u00e9ramic Caf\u00e9, a ceramic painting studio and caf\u00e9 with 26 years of history. Explore our franchise model and locations!\" \/>\n<meta name=\"robots\" content=\"index, follow, max-snippet:-1, max-image-preview:large, max-video-preview:-1\" \/>\n<link rel=\"canonical\" href=\"https:\/\/leccs.com\/en\/about\/\" \/>\n<meta property=\"og:locale\" content=\"en_US\" \/>\n<meta property=\"og:type\" content=\"article\" \/>\n<meta property=\"og:title\" content=\"C\u00e9ramic Caf\u00e9 - About us\" \/>\n<meta property=\"og:description\" content=\"Learn about C\u00e9ramic Caf\u00e9, a ceramic painting studio and caf\u00e9 with 26 years of history. Explore our franchise model and locations!\" \/>\n<meta property=\"og:url\" content=\"https:\/\/leccs.com\/en\/about\/\" \/>\n<meta property=\"og:site_name\" content=\"C\u00e9ramic Caf\u00e9\" \/>\n<meta property=\"article:modified_time\" content=\"2024-12-18T21:08:15+00:00\" \/>\n<meta property=\"og:image\" content=\"https:\/\/leccs.com\/wp-content\/uploads\/2024\/09\/about_hero.png\" \/>\n\t<meta property=\"og:image:width\" content=\"837\" \/>\n\t<meta property=\"og:image:height\" content=\"581\" \/>\n\t<meta property=\"og:image:type\" content=\"image\/png\" \/>\n<meta name=\"twitter:card\" content=\"summary_large_image\" \/>\n<meta name=\"twitter:label1\" content=\"Est. reading time\" \/>\n\t<meta name=\"twitter:data1\" content=\"1 minute\" \/>\n<script type=\"application\/ld+json\" class=\"yoast-schema-graph\">{\"@context\":\"https:\/\/schema.org\",\"@graph\":[{\"@type\":\"WebPage\",\"@id\":\"https:\/\/leccs.com\/en\/about\/\",\"url\":\"https:\/\/leccs.com\/en\/about\/\",\"name\":\"C\u00e9ramic Caf\u00e9 - About us\",\"isPartOf\":{\"@id\":\"https:\/\/leccs.com\/en\/#website\"},\"primaryImageOfPage\":{\"@id\":\"https:\/\/leccs.com\/en\/about\/#primaryimage\"},\"image\":{\"@id\":\"https:\/\/leccs.com\/en\/about\/#primaryimage\"},\"thumbnailUrl\":\"https:\/\/leccs.com\/wp-content\/uploads\/2024\/09\/about_hero.png\",\"datePublished\":\"2024-07-16T14:39:18+00:00\",\"dateModified\":\"2024-12-18T21:08:15+00:00\",\"description\":\"Learn about C\u00e9ramic Caf\u00e9, a ceramic painting studio and caf\u00e9 with 26 years of history. Explore our franchise model and locations!\",\"breadcrumb\":{\"@id\":\"https:\/\/leccs.com\/en\/about\/#breadcrumb\"},\"inLanguage\":\"en-US\",\"potentialAction\":[{\"@type\":\"ReadAction\",\"target\":[\"https:\/\/leccs.com\/en\/about\/\"]}]},{\"@type\":\"ImageObject\",\"inLanguage\":\"en-US\",\"@id\":\"https:\/\/leccs.com\/en\/about\/#primaryimage\",\"url\":\"https:\/\/leccs.com\/wp-content\/uploads\/2024\/09\/about_hero.png\",\"contentUrl\":\"https:\/\/leccs.com\/wp-content\/uploads\/2024\/09\/about_hero.png\",\"width\":837,\"height\":581},{\"@type\":\"BreadcrumbList\",\"@id\":\"https:\/\/leccs.com\/en\/about\/#breadcrumb\",\"itemListElement\":[{\"@type\":\"ListItem\",\"position\":1,\"name\":\"Home\",\"item\":\"https:\/\/leccs.com\/en\/\"},{\"@type\":\"ListItem\",\"position\":2,\"name\":\"About\"}]},{\"@type\":\"WebSite\",\"@id\":\"https:\/\/leccs.com\/en\/#website\",\"url\":\"https:\/\/leccs.com\/en\/\",\"name\":\"C\u00e9ramic Caf\u00e9\",\"description\":\"Pottery Painting Cafe Bistro\",\"potentialAction\":[{\"@type\":\"SearchAction\",\"target\":{\"@type\":\"EntryPoint\",\"urlTemplate\":\"https:\/\/leccs.com\/en\/?s={search_term_string}\"},\"query-input\":{\"@type\":\"PropertyValueSpecification\",\"valueRequired\":true,\"valueName\":\"search_term_string\"}}],\"inLanguage\":\"en-US\"}]}<\/script>\n<!-- \/ Yoast SEO plugin. -->","yoast_head_json":{"title":"C\u00e9ramic Caf\u00e9 - About us","description":"Learn about C\u00e9ramic Caf\u00e9, a ceramic painting studio and caf\u00e9 with 26 years of history. Explore our franchise model and locations!","robots":{"index":"index","follow":"follow","max-snippet":"max-snippet:-1","max-image-preview":"max-image-preview:large","max-video-preview":"max-video-preview:-1"},"canonical":"https:\/\/leccs.com\/en\/about\/","og_locale":"en_US","og_type":"article","og_title":"C\u00e9ramic Caf\u00e9 - About us","og_description":"Learn about C\u00e9ramic Caf\u00e9, a ceramic painting studio and caf\u00e9 with 26 years of history. Explore our franchise model and locations!","og_url":"https:\/\/leccs.com\/en\/about\/","og_site_name":"C\u00e9ramic Caf\u00e9","article_modified_time":"2024-12-18T21:08:15+00:00","og_image":[{"width":837,"height":581,"url":"https:\/\/leccs.com\/wp-content\/uploads\/2024\/09\/about_hero.png","type":"image\/png"}],"twitter_card":"summary_large_image","twitter_misc":{"Est. reading time":"1 minute"},"schema":{"@context":"https:\/\/schema.org","@graph":[{"@type":"WebPage","@id":"https:\/\/leccs.com\/en\/about\/","url":"https:\/\/leccs.com\/en\/about\/","name":"C\u00e9ramic Caf\u00e9 - About us","isPartOf":{"@id":"https:\/\/leccs.com\/en\/#website"},"primaryImageOfPage":{"@id":"https:\/\/leccs.com\/en\/about\/#primaryimage"},"image":{"@id":"https:\/\/leccs.com\/en\/about\/#primaryimage"},"thumbnailUrl":"https:\/\/leccs.com\/wp-content\/uploads\/2024\/09\/about_hero.png","datePublished":"2024-07-16T14:39:18+00:00","dateModified":"2024-12-18T21:08:15+00:00","description":"Learn about C\u00e9ramic Caf\u00e9, a ceramic painting studio and caf\u00e9 with 26 years of history. Explore our franchise model and locations!","breadcrumb":{"@id":"https:\/\/leccs.com\/en\/about\/#breadcrumb"},"inLanguage":"en-US","potentialAction":[{"@type":"ReadAction","target":["https:\/\/leccs.com\/en\/about\/"]}]},{"@type":"ImageObject","inLanguage":"en-US","@id":"https:\/\/leccs.com\/en\/about\/#primaryimage","url":"https:\/\/leccs.com\/wp-content\/uploads\/2024\/09\/about_hero.png","contentUrl":"https:\/\/leccs.com\/wp-content\/uploads\/2024\/09\/about_hero.png","width":837,"height":581},{"@type":"BreadcrumbList","@id":"https:\/\/leccs.com\/en\/about\/#breadcrumb","itemListElement":[{"@type":"ListItem","position":1,"name":"Home","item":"https:\/\/leccs.com\/en\/"},{"@type":"ListItem","position":2,"name":"About"}]},{"@type":"WebSite","@id":"https:\/\/leccs.com\/en\/#website","url":"https:\/\/leccs.com\/en\/","name":"C\u00e9ramic Caf\u00e9","description":"Pottery Painting Cafe Bistro","potentialAction":[{"@type":"SearchAction","target":{"@type":"EntryPoint","urlTemplate":"https:\/\/leccs.com\/en\/?s={search_term_string}"},"query-input":{"@type":"PropertyValueSpecification","valueRequired":true,"valueName":"search_term_string"}}],"inLanguage":"en-US"}]}},"_links":{"self":[{"href":"https:\/\/leccs.com\/en\/wp-json\/wp\/v2\/pages\/630","targetHints":{"allow":["GET"]}}],"collection":[{"href":"https:\/\/leccs.com\/en\/wp-json\/wp\/v2\/pages"}],"about":[{"href":"https:\/\/leccs.com\/en\/wp-json\/wp\/v2\/types\/page"}],"author":[{"embeddable":true,"href":"https:\/\/leccs.com\/en\/wp-json\/wp\/v2\/users\/1"}],"replies":[{"embeddable":true,"href":"https:\/\/leccs.com\/en\/wp-json\/wp\/v2\/comments?post=630"}],"version-history":[{"count":39,"href":"https:\/\/leccs.com\/en\/wp-json\/wp\/v2\/pages\/630\/revisions"}],"predecessor-version":[{"id":2692,"href":"https:\/\/leccs.com\/en\/wp-json\/wp\/v2\/pages\/630\/revisions\/2692"}],"wp:featuredmedia":[{"embeddable":true,"href":"https:\/\/leccs.com\/en\/wp-json\/wp\/v2\/media\/1810"}],"wp:attachment":[{"href":"https:\/\/leccs.com\/en\/wp-json\/wp\/v2\/media?parent=630"}],"curies":[{"name":"wp","href":"https:\/\/api.w.org\/{rel}","templated":true}]}}