{"id":799,"date":"2024-07-25T12:08:50","date_gmt":"2024-07-25T16:08:50","guid":{"rendered":"https:\/\/ceramiccafe.naracreative.com\/tarifs\/"},"modified":"2026-03-17T11:20:47","modified_gmt":"2026-03-17T15:20:47","slug":"rate","status":"publish","type":"page","link":"https:\/\/leccs.com\/en\/rate\/","title":{"rendered":"Rate"},"content":{"rendered":"","protected":false},"excerpt":{"rendered":"","protected":false},"author":1,"featured_media":1815,"parent":0,"menu_order":0,"comment_status":"closed","ping_status":"closed","template":"templates\/template-rate.php","meta":{"_acf_changed":false,"footnotes":""},"class_list":["post-799","page","type-page","status-publish","has-post-thumbnail","hentry"],"acf":[],"yoast_head":"<!-- This site is optimized with the Yoast SEO plugin v24.0 - https:\/\/yoast.com\/wordpress\/plugins\/seo\/ -->\n<title>C\u00e9ramic Caf\u00e9 - Rates &amp; Specials<\/title>\n<meta name=\"description\" content=\"Explore C\u00e9ramic Caf\u00e9 rates for painting and studio time. Discover memberships, special offers, and over 2,000 ceramics to choose from.\" \/>\n<meta name=\"robots\" content=\"index, follow, max-snippet:-1, max-image-preview:large, max-video-preview:-1\" \/>\n<link rel=\"canonical\" href=\"https:\/\/leccs.com\/en\/rate\/\" \/>\n<meta property=\"og:locale\" content=\"en_US\" \/>\n<meta property=\"og:type\" content=\"article\" \/>\n<meta property=\"og:title\" content=\"C\u00e9ramic Caf\u00e9 - Rates &amp; Specials\" \/>\n<meta property=\"og:description\" content=\"Explore C\u00e9ramic Caf\u00e9 rates for painting and studio time. Discover memberships, special offers, and over 2,000 ceramics to choose from.\" \/>\n<meta property=\"og:url\" content=\"https:\/\/leccs.com\/en\/rate\/\" \/>\n<meta property=\"og:site_name\" content=\"C\u00e9ramic Caf\u00e9\" \/>\n<meta property=\"article:modified_time\" content=\"2026-03-17T15:20:47+00:00\" \/>\n<meta property=\"og:image\" content=\"https:\/\/leccs.com\/wp-content\/uploads\/2024\/09\/header-tarifs-1.png\" \/>\n\t<meta property=\"og:image:width\" content=\"638\" \/>\n\t<meta property=\"og:image:height\" content=\"582\" \/>\n\t<meta property=\"og:image:type\" content=\"image\/png\" \/>\n<meta name=\"twitter:card\" content=\"summary_large_image\" \/>\n<meta name=\"twitter:label1\" content=\"Est. reading time\" \/>\n\t<meta name=\"twitter:data1\" content=\"1 minute\" \/>\n<script type=\"application\/ld+json\" class=\"yoast-schema-graph\">{\"@context\":\"https:\/\/schema.org\",\"@graph\":[{\"@type\":\"WebPage\",\"@id\":\"https:\/\/leccs.com\/en\/rate\/\",\"url\":\"https:\/\/leccs.com\/en\/rate\/\",\"name\":\"C\u00e9ramic Caf\u00e9 - Rates & Specials\",\"isPartOf\":{\"@id\":\"https:\/\/leccs.com\/en\/#website\"},\"primaryImageOfPage\":{\"@id\":\"https:\/\/leccs.com\/en\/rate\/#primaryimage\"},\"image\":{\"@id\":\"https:\/\/leccs.com\/en\/rate\/#primaryimage\"},\"thumbnailUrl\":\"https:\/\/leccs.com\/wp-content\/uploads\/2024\/09\/header-tarifs-1.png\",\"datePublished\":\"2024-07-25T16:08:50+00:00\",\"dateModified\":\"2026-03-17T15:20:47+00:00\",\"description\":\"Explore C\u00e9ramic Caf\u00e9 rates for painting and studio time. Discover memberships, special offers, and over 2,000 ceramics to choose from.\",\"breadcrumb\":{\"@id\":\"https:\/\/leccs.com\/en\/rate\/#breadcrumb\"},\"inLanguage\":\"en-US\",\"potentialAction\":[{\"@type\":\"ReadAction\",\"target\":[\"https:\/\/leccs.com\/en\/rate\/\"]}]},{\"@type\":\"ImageObject\",\"inLanguage\":\"en-US\",\"@id\":\"https:\/\/leccs.com\/en\/rate\/#primaryimage\",\"url\":\"https:\/\/leccs.com\/wp-content\/uploads\/2024\/09\/header-tarifs-1.png\",\"contentUrl\":\"https:\/\/leccs.com\/wp-content\/uploads\/2024\/09\/header-tarifs-1.png\",\"width\":638,\"height\":582},{\"@type\":\"BreadcrumbList\",\"@id\":\"https:\/\/leccs.com\/en\/rate\/#breadcrumb\",\"itemListElement\":[{\"@type\":\"ListItem\",\"position\":1,\"name\":\"Home\",\"item\":\"https:\/\/leccs.com\/en\/\"},{\"@type\":\"ListItem\",\"position\":2,\"name\":\"Rate\"}]},{\"@type\":\"WebSite\",\"@id\":\"https:\/\/leccs.com\/en\/#website\",\"url\":\"https:\/\/leccs.com\/en\/\",\"name\":\"C\u00e9ramic Caf\u00e9\",\"description\":\"Pottery Painting Cafe Bistro\",\"potentialAction\":[{\"@type\":\"SearchAction\",\"target\":{\"@type\":\"EntryPoint\",\"urlTemplate\":\"https:\/\/leccs.com\/en\/?s={search_term_string}\"},\"query-input\":{\"@type\":\"PropertyValueSpecification\",\"valueRequired\":true,\"valueName\":\"search_term_string\"}}],\"inLanguage\":\"en-US\"}]}<\/script>\n<!-- \/ Yoast SEO plugin. -->","yoast_head_json":{"title":"C\u00e9ramic Caf\u00e9 - Rates & Specials","description":"Explore C\u00e9ramic Caf\u00e9 rates for painting and studio time. Discover memberships, special offers, and over 2,000 ceramics to choose from.","robots":{"index":"index","follow":"follow","max-snippet":"max-snippet:-1","max-image-preview":"max-image-preview:large","max-video-preview":"max-video-preview:-1"},"canonical":"https:\/\/leccs.com\/en\/rate\/","og_locale":"en_US","og_type":"article","og_title":"C\u00e9ramic Caf\u00e9 - Rates & Specials","og_description":"Explore C\u00e9ramic Caf\u00e9 rates for painting and studio time. Discover memberships, special offers, and over 2,000 ceramics to choose from.","og_url":"https:\/\/leccs.com\/en\/rate\/","og_site_name":"C\u00e9ramic Caf\u00e9","article_modified_time":"2026-03-17T15:20:47+00:00","og_image":[{"width":638,"height":582,"url":"https:\/\/leccs.com\/wp-content\/uploads\/2024\/09\/header-tarifs-1.png","type":"image\/png"}],"twitter_card":"summary_large_image","twitter_misc":{"Est. reading time":"1 minute"},"schema":{"@context":"https:\/\/schema.org","@graph":[{"@type":"WebPage","@id":"https:\/\/leccs.com\/en\/rate\/","url":"https:\/\/leccs.com\/en\/rate\/","name":"C\u00e9ramic Caf\u00e9 - Rates & Specials","isPartOf":{"@id":"https:\/\/leccs.com\/en\/#website"},"primaryImageOfPage":{"@id":"https:\/\/leccs.com\/en\/rate\/#primaryimage"},"image":{"@id":"https:\/\/leccs.com\/en\/rate\/#primaryimage"},"thumbnailUrl":"https:\/\/leccs.com\/wp-content\/uploads\/2024\/09\/header-tarifs-1.png","datePublished":"2024-07-25T16:08:50+00:00","dateModified":"2026-03-17T15:20:47+00:00","description":"Explore C\u00e9ramic Caf\u00e9 rates for painting and studio time. Discover memberships, special offers, and over 2,000 ceramics to choose from.","breadcrumb":{"@id":"https:\/\/leccs.com\/en\/rate\/#breadcrumb"},"inLanguage":"en-US","potentialAction":[{"@type":"ReadAction","target":["https:\/\/leccs.com\/en\/rate\/"]}]},{"@type":"ImageObject","inLanguage":"en-US","@id":"https:\/\/leccs.com\/en\/rate\/#primaryimage","url":"https:\/\/leccs.com\/wp-content\/uploads\/2024\/09\/header-tarifs-1.png","contentUrl":"https:\/\/leccs.com\/wp-content\/uploads\/2024\/09\/header-tarifs-1.png","width":638,"height":582},{"@type":"BreadcrumbList","@id":"https:\/\/leccs.com\/en\/rate\/#breadcrumb","itemListElement":[{"@type":"ListItem","position":1,"name":"Home","item":"https:\/\/leccs.com\/en\/"},{"@type":"ListItem","position":2,"name":"Rate"}]},{"@type":"WebSite","@id":"https:\/\/leccs.com\/en\/#website","url":"https:\/\/leccs.com\/en\/","name":"C\u00e9ramic Caf\u00e9","description":"Pottery Painting Cafe Bistro","potentialAction":[{"@type":"SearchAction","target":{"@type":"EntryPoint","urlTemplate":"https:\/\/leccs.com\/en\/?s={search_term_string}"},"query-input":{"@type":"PropertyValueSpecification","valueRequired":true,"valueName":"search_term_string"}}],"inLanguage":"en-US"}]}},"_links":{"self":[{"href":"https:\/\/leccs.com\/en\/wp-json\/wp\/v2\/pages\/799","targetHints":{"allow":["GET"]}}],"collection":[{"href":"https:\/\/leccs.com\/en\/wp-json\/wp\/v2\/pages"}],"about":[{"href":"https:\/\/leccs.com\/en\/wp-json\/wp\/v2\/types\/page"}],"author":[{"embeddable":true,"href":"https:\/\/leccs.com\/en\/wp-json\/wp\/v2\/users\/1"}],"replies":[{"embeddable":true,"href":"https:\/\/leccs.com\/en\/wp-json\/wp\/v2\/comments?post=799"}],"version-history":[{"count":33,"href":"https:\/\/leccs.com\/en\/wp-json\/wp\/v2\/pages\/799\/revisions"}],"predecessor-version":[{"id":6472,"href":"https:\/\/leccs.com\/en\/wp-json\/wp\/v2\/pages\/799\/revisions\/6472"}],"wp:featuredmedia":[{"embeddable":true,"href":"https:\/\/leccs.com\/en\/wp-json\/wp\/v2\/media\/1815"}],"wp:attachment":[{"href":"https:\/\/leccs.com\/en\/wp-json\/wp\/v2\/media?parent=799"}],"curies":[{"name":"wp","href":"https:\/\/api.w.org\/{rel}","templated":true}]}}